{"id":48,"date":"2026-02-06T18:48:30","date_gmt":"2026-02-06T17:48:30","guid":{"rendered":"http:\/\/www.koenigliche-villa.de\/?page_id=48"},"modified":"2026-02-25T20:20:17","modified_gmt":"2026-02-25T19:20:17","slug":"preise","status":"publish","type":"page","link":"https:\/\/www.koenigliche-villa.de\/?page_id=48","title":{"rendered":"Preise \/ Buchung"},"content":{"rendered":"\n<p><a href=\"https:\/\/www.booking.com\/hotel\/de\/konigliche-villa.de.html?aid=356980&amp;label=gog235jc-10CAsoO0IQa29uaWdsaWNoZS12aWxsYUgHWANoO4gBAZgBM7gBF8gBD9gBA-gBAfgBAYgCAagCAbgCpqqhzAbAAgHSAiQwMGUzMzZhOC1hY2Q0LTQ5ZGItYmFhZi02N2Y5ODk2N2E0MWXYAgHgAgE&amp;sid=206aed3a7338829710c7161faff39b1c&amp;checkin=2026-07-01&amp;checkout=2026-07-08&amp;dest_id=-1745719&amp;dest_type=city&amp;dist=0&amp;do_availability_check=1&amp;group_adults=2&amp;group_children=0&amp;hp_avform=1&amp;hp_group_set=0&amp;no_rooms=1&amp;origin=hp&amp;sb_price_type=total&amp;src=hotel&amp;type=total&amp;#availability_target\">Hier k\u00f6nnen Sie den Buchungskalender bei booking.com einsehen.<\/a><br>Dort k\u00f6nnen Sie direkt buchen. G\u00fcnstiger ist es \u00fcber eine Anfrage direkt bei uns (s. Kontakt). <\/p>\n\n\n\n<h2 class=\"wp-block-heading\">Buchung ab 4 N\u00e4chten (k\u00fcrzere Zeit auf Anfrage)<\/h2>\n\n\n\n<p>1 bis 2 Personen:\u00a0 70 &#8211; 90 \u20ac \/ Tag<br>Geb\u00fchr f\u00fcr Bettw\u00e4sche, Handt\u00fccher und Endreinigung: 70 \u20ac<br>Kinder bis 3 Jahre sind frei (W\u00e4schepaket pro Kind 15 \u20ac).<br><br><strong>Nebensaison 80 \u20ac<\/strong>: Ende M\u00e4rz &#8211; Ende Mai + Oktober<br><strong>Hauptsaison 90 \u20ac<\/strong>: Juni bis Ende September + Mitte Dezember bis Mitte Januar <br><strong>ohne Saison 70 \u20ac: <\/strong>\u00fcbrige Zeit<\/p>\n\n\n\n<h2 class=\"wp-block-heading\">Buchung ab 4 Wochen<\/h2>\n\n\n\n<p>2 Personen:&nbsp; ab 1.800 \u20ac \/ Monat \u2013 je nach Saisonzeit<br>Geb\u00fchr f\u00fcr Bettw\u00e4sche, Handt\u00fccher und Endreinigung: 70 \u20ac<\/p>\n\n\n\n<h2 class=\"wp-block-heading\">Service f\u00fcr Kinder<\/h2>\n\n\n\n<p>Zus\u00e4tzlich zum Doppelbett k\u00f6nnen Reisebett und Kinderstuhl bereitgestellet werden.<br>Maximale Belegung: 2 Erwachsene, 1 Kleinkind<\/p>\n\n\n\n<h2 class=\"wp-block-heading\">Service Waschmaschine &amp; Trockner<\/h2>\n\n\n\n<p>Fu\u00dfl\u00e4ufig gibt es einen geb\u00fchrenpflichtigen Waschsalon.<\/p>\n","protected":false},"excerpt":{"rendered":"<p>Hier k\u00f6nnen Sie den Buchungskalender bei booking.com einsehen.Dort k\u00f6nnen Sie direkt buchen. G\u00fcnstiger ist es \u00fcber eine Anfrage direkt bei uns (s. Kontakt). Buchung ab 4 N\u00e4chten (k\u00fcrzere Zeit auf Anfrage) 1 bis 2 Personen:\u00a0 70 &#8211; 90 \u20ac \/ <a href=\"https:\/\/www.koenigliche-villa.de\/?page_id=48\" class=\"read-more\">Weiterlesen<\/a><\/p>\n","protected":false},"author":1,"featured_media":0,"parent":0,"menu_order":0,"comment_status":"closed","ping_status":"closed","template":"","meta":{"ngg_post_thumbnail":0,"footnotes":""},"class_list":["post-48","page","type-page","status-publish","hentry"],"_links":{"self":[{"href":"https:\/\/www.koenigliche-villa.de\/index.php?rest_route=\/wp\/v2\/pages\/48","targetHints":{"allow":["GET"]}}],"collection":[{"href":"https:\/\/www.koenigliche-villa.de\/index.php?rest_route=\/wp\/v2\/pages"}],"about":[{"href":"https:\/\/www.koenigliche-villa.de\/index.php?rest_route=\/wp\/v2\/types\/page"}],"author":[{"embeddable":true,"href":"https:\/\/www.koenigliche-villa.de\/index.php?rest_route=\/wp\/v2\/users\/1"}],"replies":[{"embeddable":true,"href":"https:\/\/www.koenigliche-villa.de\/index.php?rest_route=%2Fwp%2Fv2%2Fcomments&post=48"}],"version-history":[{"count":15,"href":"https:\/\/www.koenigliche-villa.de\/index.php?rest_route=\/wp\/v2\/pages\/48\/revisions"}],"predecessor-version":[{"id":224,"href":"https:\/\/www.koenigliche-villa.de\/index.php?rest_route=\/wp\/v2\/pages\/48\/revisions\/224"}],"wp:attachment":[{"href":"https:\/\/www.koenigliche-villa.de\/index.php?rest_route=%2Fwp%2Fv2%2Fmedia&parent=48"}],"curies":[{"name":"wp","href":"https:\/\/api.w.org\/{rel}","templated":true}]}}