{"id":3,"date":"2026-01-19T14:12:16","date_gmt":"2026-01-19T12:12:16","guid":{"rendered":"\/?page_id=3"},"modified":"2026-02-08T10:46:01","modified_gmt":"2026-02-08T09:46:01","slug":"datenschutzerklaerung","status":"publish","type":"page","link":"https:\/\/www.koenigliche-villa.de\/?page_id=3","title":{"rendered":"Impr.\/Datensch."},"content":{"rendered":"\n<h2 class=\"wp-block-heading\">Impressum<\/h2>\n\n\n\n<p><strong>Ferienwohnung Burgblick<br><\/strong>J\u00fcrgen Legler<br>Josef-Wirth-Str. 38<br>63897 Miltenberg<\/p>\n\n\n\n<p>Telefon (0 93 71) 9 48 94 47<br>Email: anjulo@gmx.de<\/p>\n\n\n\n<p>Steuer-Nr.&nbsp;202\/244\/00242 FA Amorbach<\/p>\n\n\n\n<p><strong>Copyright:<\/strong><\/p>\n\n\n\n<p>(c) Copyright J\u00fcrgen Legler. Alle Rechte vorbehalten. Vervielf\u00e4ltigung nur mit schriftlicher Genehmigung.<\/p>\n\n\n\n<p><strong>Hinweis zu Links:<\/strong><\/p>\n\n\n\n<p>Alle auf diesen Webseiten zur Verf\u00fcgung gestellten Links sind als Empfehlung zu werten, sofern sie nicht anders kommentiert wurden. Falls sich Inhalte zu weiterf\u00fchrenden Links ohne unser Wissen \u00e4ndern, sind wir hierf\u00fcr nicht verantwortlich. Sollten Inhalte weiterf\u00fchrender Links rechtswidrig sein, Ihr Ehrgef\u00fchl verletzen oder sonstige Pers\u00f6nlichkeitsrechte ber\u00fchren, bitten wir um einen entsprechenden Hinweis an uns. Eine Haftung hierf\u00fcr schlie\u00dfen wir aus.<\/p>\n\n\n\n<h3 class=\"wp-block-heading\"><strong>Nutzungsbedingungen:<\/strong><\/h3>\n\n\n\n<p>Diese Nutzungsbedingungen regeln die Benutzung dieser Internetpr\u00e4senz durch Besucher dieser Seiten.<\/p>\n\n\n\n<p>1. Allgemeines<br>Wir \u00fcbernehmen keine Verantwortung f\u00fcr die Aktualit\u00e4t, Richtigkeit und Vollst\u00e4ndigkeit der Inhalte. Insbesondere gilt dies f\u00fcr Preis- und Produktinformationen, die Ergebnisse, die Nutzer oder Dritte auf Grund von Informationen der Web-Seiten meinen, erzielen zu k\u00f6nnen, und f\u00fcr Informationen Dritter, die auf diesen Web-Seiten enthalten oder \u00fcber diese zug\u00e4nglich sind. Wir \u00fcbernehmen keine Gew\u00e4hrleistung daf\u00fcr, dass die Inhalte auf diesen Web-Seiten frei von Fehlern und f\u00fcr bestimmte Zwecke geeignet sind.<\/p>\n\n\n\n<p>2. Vertraulichkeit und Datenschutz<br>Personenbezogene Daten des Kunden werden von uns nur intern genutzt und in keiner Weise an Dritte weiter gegeben, au\u00dfer in F\u00e4llen, bei denen die Weitergabe zur Wahrung unserer rechtlichen Interessen erforderlich ist.<\/p>\n\n\n\n<p>3. Keine Vertragsangebote und keine Beratung<br>Wir erbringen im Rahmen der angebotenen Services auf unseren Web-Seiten keine Beratung. Hierf\u00fcr stehen wir im pers\u00f6nlichen Gespr\u00e4ch telefonisch oder pers\u00f6nlich zur Verf\u00fcgung. \u00dcber diese Internetseiten erfolgen keine Vertragsangebote. Preisinformationen sind unverbindlich und freibleibend.<\/p>\n\n\n\n<p>4. Urheberrechte<br>Diese Interetseiten und s\u00e4mtliche darin enthaltenen Funktionalit\u00e4ten, Informationen, Daten, Texte, Bild- und Tonmaterialien sowie alle zur Funktionalit\u00e4t dieser Web-Seiten eingesetzten Komponenten unterliegen dem gesetzlich gesch\u00fctzten Urheberrecht. Der Benutzer darf die Inhalte nur im Rahmen der angebotenen Funktionalit\u00e4ten der Web-Seiten f\u00fcr seinen pers\u00f6nlichen Gebrauch nutzen und erwirbt im \u00dcbrigen keinerlei Rechte an den Inhalten und Programmen.<\/p>\n\n\n\n<p>5. Haftung<br>Die Haftung f\u00fcr leichte Fahrl\u00e4ssigkeit bei nicht wesentlichen Vertragspflichten ist auf den vorhersehbaren Schaden begrenzt; die Haftung f\u00fcr Folgesch\u00e4den und entgangenen Gewinn ist ausgeschlossen.<br>Hat der Kunde durch ein schuldhaftes Verhalten, insbesondere durch eine Verletzung seiner Mitwirkungs- und Sorgfaltspflichten, zur Entstehung des Schadens beigetragen, bestimmt sich nach den Grunds\u00e4tzen des Mitverschuldens, in welchem Umfang der Schaden von uns und dem Kunden zu tragen ist.<\/p>\n\n\n\n<p>6. Anwendbares Recht<br>Diese Bedingungen unterliegen deutschem Recht.<\/p>\n\n\n\n<p>7. Salvatorische Klausel<br>Sollten einzelne Bestimmungen dieser Vereinbarung unwirksam sein oder werden, so wird davon die Wirksamkeit des Vertrages im \u00dcbrigen nicht betroffen. Die unwirksame Bestimmung soll durch eine wirksame Bestimmung ersetzt werden, die dem wirtschaftlich gewollten Sinn und Zweck der unwirksamen Bestimmung im Rahmen des Gesamtvertrages m\u00f6glichst nahe kommt. Dasselbe gilt bei einer unbeabsichtigten Regelungsl\u00fccke.<\/p>\n\n\n\n<h1 class=\"wp-block-heading\">Datenschutzerkl\u00e4rung<\/h1>\n\n\n\n<p>Verantwortliche Stelle im Sinne der Datenschutzgesetze, insbesondere der EU-Datenschutzgrundverordnung (DSGVO), ist:<\/p>\n\n\n\n<p>J\u00fcrgen Legler<br>Josef-Wirth-Str. 38<br>63897 Miltenberg<\/p>\n\n\n\n<p>Zu allen Fragen rund um das Thema Datenschutz kontaktieren Sie uns bitte telefonisch oder per Email an anjulo@gmx.de<\/p>\n\n\n\n<h2 class=\"wp-block-heading\">Ihre Betroffenenrechte<\/h2>\n\n\n\n<p>Unter den angegebenen Kontaktdaten unseres Datenschutzbeauftragten k\u00f6nnen Sie jederzeit folgende Rechte aus\u00fcben:<\/p>\n\n\n\n<ul class=\"wp-block-list\">\n<li>Auskunft \u00fcber Ihre bei uns gespeicherten Daten und deren Verarbeitung,<\/li>\n\n\n\n<li>Berichtigung unrichtiger personenbezogener Daten,<\/li>\n\n\n\n<li>L\u00f6schung Ihrer bei uns gespeicherten Daten,<\/li>\n\n\n\n<li>Einschr\u00e4nkung der Datenverarbeitung, sofern wir Ihre Daten aufgrund gesetzlicher Pflichten noch nicht l\u00f6schen d\u00fcrfen,<\/li>\n\n\n\n<li>Widerspruch gegen die Verarbeitung Ihrer Daten bei uns und<\/li>\n\n\n\n<li>Daten\u00fcbertragbarkeit, sofern Sie in die Datenverarbeitung eingewilligt haben oder einen Vertrag mit uns abgeschlossen haben.<\/li>\n<\/ul>\n\n\n\n<p>Sofern Sie uns eine Einwilligung erteilt haben, k\u00f6nnen Sie diese jederzeit mit Wirkung f\u00fcr die Zukunft widerrufen.<br>Sie k\u00f6nnen sich jederzeit mit einer Beschwerde an die f\u00fcr Sie zust\u00e4ndige Aufsichtsbeh\u00f6rde wenden. Ihre zust\u00e4ndige Aufsichtsbeh\u00f6rde richtet sich nach dem Bundesland Ihres Wohnsitzes, Ihrer Arbeit oder der mutma\u00dflichen Verletzung. Eine Liste der Aufsichtsbeh\u00f6rden (f\u00fcr den nicht\u00f6ffentlichen Bereich) mit Anschrift finden Sie unter: <a href=\"https:\/\/www.bfdi.bund.de\/DE\/Infothek\/Anschriften_Links\/anschriften_links-node.html\" target=\"_blank\" rel=\"noreferrer noopener\">https:\/\/www.bfdi.bund.de\/DE\/Infothek\/Anschriften_Links\/anschriften_links-node.html<\/a>.<\/p>\n\n\n\n<p>Hinweis zur Online-Streitbeilegung gem\u00e4\u00df Art. 14 Abs. 1 ODR-VO: Die Europ\u00e4ische Kommission stellt eine Plattform zur Online-Streitbeilegung (OS) bereit, die Sie unter&nbsp;<a href=\"https:\/\/www.borkum.de\/?email_id=53&amp;user_id=18957&amp;urlpassed=aHR0cHM6Ly9lYy5ldXJvcGEuZXUvY29uc3VtZXJzL29kci8&amp;controller=stats&amp;action=analyse&amp;wysija-page=1&amp;wysijap=subscriptions\">https:\/\/ec.europa.eu\/consumers\/odr\/<\/a>&nbsp;finden.<\/p>\n\n\n\n<h2 class=\"wp-block-heading\">Zwecke der Datenverarbeitung durch die verantwortliche Stelle und Dritte<\/h2>\n\n\n\n<p>Wir verarbeiten Ihre personenbezogenen Daten nur zu den in dieser Datenschutzerkl\u00e4rung genannten Zwecken. Eine \u00dcbermittlung Ihrer pers\u00f6nlichen Daten an Dritte zu anderen als den genannten Zwecken findet nicht statt. Wir geben Ihre pers\u00f6nlichen Daten nur an Dritte weiter, wenn:<\/p>\n\n\n\n<ul class=\"wp-block-list\">\n<li>Sie Ihre ausdr\u00fcckliche Einwilligung dazu erteilt haben,<\/li>\n\n\n\n<li>die Verarbeitung zur Abwicklung eines Vertrags mit Ihnen erforderlich ist,<\/li>\n\n\n\n<li>die Verarbeitung zur Erf\u00fcllung einer rechtlichen Verpflichtung erforderlich ist,<\/li>\n<\/ul>\n\n\n\n<p>die Verarbeitung zur Wahrung berechtigter Interessen erforderlich ist und kein Grund zur Annahme besteht, dass Sie ein \u00fcberwiegendes schutzw\u00fcrdiges Interesse an der Nichtweitergabe Ihrer Daten haben.<\/p>\n\n\n\n<h2 class=\"wp-block-heading\">L\u00f6schung bzw. Sperrung der Daten<\/h2>\n\n\n\n<p>Wir halten uns an die Grunds\u00e4tze der Datenvermeidung und Datensparsamkeit. Wir speichern Ihre personenbezogenen Daten daher nur so lange, wie dies zur Erreichung der hier genannten Zwecke erforderlich ist oder wie es die vom Gesetzgeber vorgesehenen vielf\u00e4ltigen Speicherfristen vorsehen. Nach Fortfall des jeweiligen Zweckes bzw. Ablauf dieser Fristen werden die entsprechenden Daten routinem\u00e4\u00dfig und entsprechend den gesetzlichen Vorschriften gesperrt oder gel\u00f6scht.<\/p>\n\n\n\n<h2 class=\"wp-block-heading\">Erfassung allgemeiner Informationen beim Besuch unserer Website<\/h2>\n\n\n\n<p>Wenn Sie auf unsere Website zugreifen, werden automatisch mittels eines Cookies Informationen allgemeiner Natur erfasst. Diese Informationen (Server-Logfiles) beinhalten etwa die Art des Webbrowsers, das verwendete Betriebssystem, den Domainnamen Ihres Internet-Service-Providers und \u00e4hnliches. Hierbei handelt es sich ausschlie\u00dflich um Informationen, welche keine R\u00fcckschl\u00fcsse auf Ihre Person zulassen.<\/p>\n\n\n\n<p>Diese Informationen sind technisch notwendig, um von Ihnen angeforderte Inhalte von Webseiten korrekt auszuliefern und fallen bei Nutzung des Internets zwingend an. Sie werden insbesondere zu folgenden Zwecken verarbeitet:<\/p>\n\n\n\n<ul class=\"wp-block-list\">\n<li>Sicherstellung eines problemlosen Verbindungsaufbaus der Website,<\/li>\n\n\n\n<li>Sicherstellung einer reibungslosen Nutzung unserer Website,<\/li>\n\n\n\n<li>Auswertung der Systemsicherheit und -stabilit\u00e4t sowie<\/li>\n\n\n\n<li>zu weiteren administrativen Zwecken.<\/li>\n<\/ul>\n\n\n\n<p>Die Verarbeitung Ihrer personenbezogenen Daten basiert auf unserem berechtigten Interesse aus den vorgenannten Zwecken zur Datenerhebung. Wir verwenden Ihre Daten nicht, um R\u00fcckschl\u00fcsse auf Ihre Person zu ziehen. Empf\u00e4nger der Daten sind nur die verantwortliche Stelle und ggf. Auftragsverarbeiter.<\/p>\n\n\n\n<p>Anonyme Informationen dieser Art werden von uns ggfs. statistisch ausgewertet, um unseren Internetauftritt und die dahinterstehende Technik zu optimieren.<\/p>\n\n\n\n<h2 class=\"wp-block-heading\">Cookies<\/h2>\n\n\n\n<p>Wie viele andere Webseiten verwenden wir auch so genannte \u201eCookies\u201c. Cookies sind kleine Textdateien, die von einem Websiteserver auf Ihre Festplatte \u00fcbertragen werden. Hierdurch erhalten wir automatisch bestimmte Daten wie z. B. IP-Adresse, verwendeter Browser, Betriebssystem und Ihre Verbindung zum Internet.<\/p>\n\n\n\n<p>Cookies k\u00f6nnen nicht verwendet werden, um Programme zu starten oder Viren auf einen Computer zu \u00fcbertragen. Anhand der in Cookies enthaltenen Informationen k\u00f6nnen wir Ihnen die Navigation erleichtern und die korrekte Anzeige unserer Webseiten erm\u00f6glichen.<\/p>\n\n\n\n<p>In keinem Fall werden die von uns erfassten Daten an Dritte weitergegeben oder ohne Ihre Einwilligung eine Verkn\u00fcpfung mit personenbezogenen Daten hergestellt.<\/p>\n\n\n\n<p>Nat\u00fcrlich k\u00f6nnen Sie unsere Website grunds\u00e4tzlich auch ohne Cookies betrachten. Internet-Browser sind regelm\u00e4\u00dfig so eingestellt, dass sie Cookies akzeptieren. Im Allgemeinen k\u00f6nnen Sie die Verwendung von Cookies jederzeit \u00fcber die Einstellungen Ihres Browsers deaktivieren. Bitte verwenden Sie die Hilfefunktionen Ihres Internetbrowsers, um zu erfahren, wie Sie diese Einstellungen \u00e4ndern k\u00f6nnen. Bitte beachten Sie, dass einzelne Funktionen unserer Website m\u00f6glicherweise nicht funktionieren, wenn Sie die Verwendung von Cookies deaktiviert haben.<\/p>\n\n\n\n<h2 class=\"wp-block-heading\">Registrierung auf unserer Webseite<\/h2>\n\n\n\n<p>Bei der Registrierung f\u00fcr die Nutzung unserer personalisierten Leistungen werden einige personenbezogene Daten erhoben, wie Name, Anschrift, Kontakt- und Kommunikationsdaten wie Telefonnummer und E-Mail-Adresse. Sind Sie bei uns registriert, k\u00f6nnen Sie auf Inhalte und Leistungen zugreifen, die wir nur registrierten Nutzern anbieten. Angemeldete Nutzer haben zudem die M\u00f6glichkeit, bei Bedarf die bei Registrierung angegebenen Daten jederzeit zu \u00e4ndern oder zu l\u00f6schen. Selbstverst\u00e4ndlich erteilen wir Ihnen dar\u00fcber hinaus jederzeit Auskunft \u00fcber die von uns \u00fcber Sie gespeicherten personenbezogenen Daten. Gerne berichtigen bzw. l\u00f6schen wir diese auch auf Ihren Wunsch, soweit keine gesetzlichen Aufbewahrungspflichten entgegenstehen. Zur Kontaktaufnahme in diesem Zusammenhang nutzen Sie bitte die am Ende dieser Datenschutzerkl\u00e4rung angegebenen Kontaktdaten.<\/p>\n\n\n\n<h2 class=\"wp-block-heading\">Kontaktformular<\/h2>\n\n\n\n<p>Treten Sie bzgl. Fragen jeglicher Art per E-Mail oder Kontaktformular mit uns in Kontakt, erteilen Sie uns zum Zwecke der Kontaktaufnahme Ihre freiwillige Einwilligung. Hierf\u00fcr ist die Angabe einer validen E-Mail-Adresse erforderlich. Diese dient der Zuordnung der Anfrage und der anschlie\u00dfenden Beantwortung derselben. Die Angabe weiterer Daten ist optional. Die von Ihnen gemachten Angaben werden zum Zwecke der Bearbeitung der Anfrage sowie f\u00fcr m\u00f6gliche Anschlussfragen gespeichert. Nach Erledigung der von Ihnen gestellten Anfrage werden personenbezogene Daten automatisch gel\u00f6scht.<\/p>\n\n\n\n<h2 class=\"wp-block-heading\">Verwendung von Scriptbibliotheken (Google Webfonts)<\/h2>\n\n\n\n<p>Um unsere Inhalte browser\u00fcbergreifend korrekt und grafisch ansprechend darzustellen, verwenden wir auf dieser Website Scriptbibliotheken und Schriftbibliotheken wie z. B. Google Webfonts (<a href=\"http:\/\/www.google.com\/webfonts\/\" target=\"_blank\" rel=\"noreferrer noopener\">https:\/\/www.google.com\/webfonts\/<\/a>). Google Webfonts werden zur Vermeidung mehrfachen Ladens in den Cache Ihres Browsers \u00fcbertragen. Falls der Browser die Google Webfonts nicht unterst\u00fctzt oder den Zugriff unterbindet, werden Inhalte in einer Standardschrift angezeigt.<\/p>\n\n\n\n<p>Der Aufruf von Scriptbibliotheken oder Schriftbibliotheken l\u00f6st automatisch eine Verbindung zum Betreiber der Bibliothek aus. Dabei ist es theoretisch m\u00f6glich \u2013 aktuell allerdings auch unklar ob und ggf. zu welchen Zwecken \u2013 dass Betreiber entsprechender Bibliotheken Daten erheben.<\/p>\n\n\n\n<p>Die Datenschutzrichtlinie des Bibliothekbetreibers Google finden Sie hier: <a href=\"https:\/\/www.google.com\/policies\/privacy\/\" target=\"_blank\" rel=\"noreferrer noopener\">https:\/\/www.google.com\/policies\/privacy\/<\/a><\/p>\n\n\n\n<h2 class=\"wp-block-heading\"><strong>\u00c4nderung unserer Datenschutzbestimmungen<\/strong><\/h2>\n\n\n\n<p>Wir behalten uns vor, diese Datenschutzerkl\u00e4rung anzupassen, damit sie stets den aktuellen rechtlichen Anforderungen entspricht oder um \u00c4nderungen unserer Leistungen in der Datenschutzerkl\u00e4rung umzusetzen, z.B. bei der Einf\u00fchrung neuer Services. F\u00fcr Ihren erneuten Besuch gilt dann die neue Datenschutzerkl\u00e4rung.<\/p>\n\n\n\n<h2 class=\"wp-block-heading\"><strong>Fragen an den Datenschutzbeauftragten<\/strong><\/h2>\n\n\n\n<p>Wenn Sie Fragen zum Datenschutz haben, schreiben Sie uns bitte eine E-Mail oder wenden Sie sich direkt an die f\u00fcr den Datenschutz verantwortliche Person in unserer Organisation:<\/p>\n\n\n\n<p>anjulo@gmx.de<\/p>\n\n\n\n<p><em>Die Datenschutzerkl\u00e4rung wurde mit dem <\/em><a href=\"https:\/\/www.activemind.de\/datenschutz\/datenschutzhinweis-generator\/\" target=\"_blank\" rel=\"noreferrer noopener\"><em>Datenschutzerkl\u00e4rungs-Generator der activeMind AG erstellt<\/em><\/a><em>.<\/em><\/p>\n\n\n\n<p>Copyright 2026 J\u00fcrgen Legler<a href=\"https:\/\/www.burgblick-miltenberg.de\/wp-admin\/post.php?post=217&amp;action=edit\">Bearbeite &#8222;Impressum &amp; Datenschutz&#8220;<\/a><\/p>\n\n\n\n<h2 class=\"wp-block-heading\"><\/h2>\n","protected":false},"excerpt":{"rendered":"<p>Impressum Ferienwohnung BurgblickJ\u00fcrgen LeglerJosef-Wirth-Str. 3863897 Miltenberg Telefon (0 93 71) 9 48 94 47Email: anjulo@gmx.de Steuer-Nr.&nbsp;202\/244\/00242 FA Amorbach Copyright: (c) Copyright J\u00fcrgen Legler. Alle Rechte vorbehalten. Vervielf\u00e4ltigung nur mit schriftlicher Genehmigung. Hinweis zu Links: Alle auf diesen Webseiten zur Verf\u00fcgung <a href=\"https:\/\/www.koenigliche-villa.de\/?page_id=3\" class=\"read-more\">Weiterlesen<\/a><\/p>\n","protected":false},"author":1,"featured_media":0,"parent":0,"menu_order":0,"comment_status":"closed","ping_status":"closed","template":"","meta":{"ngg_post_thumbnail":0,"footnotes":""},"class_list":["post-3","page","type-page","status-publish","hentry"],"_links":{"self":[{"href":"https:\/\/www.koenigliche-villa.de\/index.php?rest_route=\/wp\/v2\/pages\/3","targetHints":{"allow":["GET"]}}],"collection":[{"href":"https:\/\/www.koenigliche-villa.de\/index.php?rest_route=\/wp\/v2\/pages"}],"about":[{"href":"https:\/\/www.koenigliche-villa.de\/index.php?rest_route=\/wp\/v2\/types\/page"}],"author":[{"embeddable":true,"href":"https:\/\/www.koenigliche-villa.de\/index.php?rest_route=\/wp\/v2\/users\/1"}],"replies":[{"embeddable":true,"href":"https:\/\/www.koenigliche-villa.de\/index.php?rest_route=%2Fwp%2Fv2%2Fcomments&post=3"}],"version-history":[{"count":6,"href":"https:\/\/www.koenigliche-villa.de\/index.php?rest_route=\/wp\/v2\/pages\/3\/revisions"}],"predecessor-version":[{"id":210,"href":"https:\/\/www.koenigliche-villa.de\/index.php?rest_route=\/wp\/v2\/pages\/3\/revisions\/210"}],"wp:attachment":[{"href":"https:\/\/www.koenigliche-villa.de\/index.php?rest_route=%2Fwp%2Fv2%2Fmedia&parent=3"}],"curies":[{"name":"wp","href":"https:\/\/api.w.org\/{rel}","templated":true}]}}