{"id":129,"date":"2026-02-07T12:52:06","date_gmt":"2026-02-07T11:52:06","guid":{"rendered":"http:\/\/www.koenigliche-villa.de\/?page_id=129"},"modified":"2026-02-07T15:22:42","modified_gmt":"2026-02-07T14:22:42","slug":"koenigliche-villa-2","status":"publish","type":"page","link":"https:\/\/www.koenigliche-villa.de\/?page_id=129","title":{"rendered":"K\u00f6nigliche Villa"},"content":{"rendered":"\n<p>K\u00f6nig Ludwig I. dankt 1848, einem Jahr politischer Unruhen, ab. Weiterhin aber nutzt er das Schloss in Berchtesgaden als Jagdresidenz. Sein Sohn und Nachfolger im K\u00f6nigreich Bayern, Maximilian II., geht selbst gern in Berchtesgaden auf die Jagd. Da Ludwig I. das dortige Schloss noch beansprucht, entschlie\u00dft sich Maximilian II., seine eigene Residenz zu bauen: Von 1849 &#8211; 1852 entsteht unterhalb des K\u00e4lbersteins die K\u00f6nigliche Villa, dann auch Max Villa genannt, im klassizistisch- italisierenden Stil. Maximilians S\u00f6hne, Otto und Ludwig II., der sp\u00e4tere M\u00e4rchenk\u00f6nig, verleben als Kinder zwischen 1853 und 1863 mehrfach die Sommerferien in der K\u00f6niglichen Villa.<\/p>\n\n\n\n<figure class=\"wp-block-image size-large is-resized\"><img loading=\"lazy\" decoding=\"async\" width=\"1024\" height=\"725\" src=\"http:\/\/www.koenigliche-villa.de\/wp-content\/uploads\/2026\/02\/Stich-1852-s-w-1-1024x725.jpg\" alt=\"\" class=\"wp-image-165\" style=\"aspect-ratio:1.4129916637705384;width:519px;height:auto\" srcset=\"https:\/\/www.koenigliche-villa.de\/wp-content\/uploads\/2026\/02\/Stich-1852-s-w-1-1024x725.jpg 1024w, https:\/\/www.koenigliche-villa.de\/wp-content\/uploads\/2026\/02\/Stich-1852-s-w-1-300x212.jpg 300w, https:\/\/www.koenigliche-villa.de\/wp-content\/uploads\/2026\/02\/Stich-1852-s-w-1-768x544.jpg 768w, https:\/\/www.koenigliche-villa.de\/wp-content\/uploads\/2026\/02\/Stich-1852-s-w-1-1536x1087.jpg 1536w, https:\/\/www.koenigliche-villa.de\/wp-content\/uploads\/2026\/02\/Stich-1852-s-w-1-2048x1449.jpg 2048w\" sizes=\"auto, (max-width: 1024px) 100vw, 1024px\" \/><\/figure>\n\n\n\n<p>Unterhalb der Villa wird 1892 der Luitpoldpark er\u00f6ffnet. <\/p>\n\n\n\n<figure class=\"wp-block-image size-large is-resized\"><img loading=\"lazy\" decoding=\"async\" width=\"1024\" height=\"635\" src=\"http:\/\/www.koenigliche-villa.de\/wp-content\/uploads\/2026\/02\/Luitpoldpark-Sommer-1024x635.jpg\" alt=\"\" class=\"wp-image-159\" style=\"aspect-ratio:1.6125935124400868;width:518px;height:auto\" srcset=\"https:\/\/www.koenigliche-villa.de\/wp-content\/uploads\/2026\/02\/Luitpoldpark-Sommer-1024x635.jpg 1024w, https:\/\/www.koenigliche-villa.de\/wp-content\/uploads\/2026\/02\/Luitpoldpark-Sommer-300x186.jpg 300w, https:\/\/www.koenigliche-villa.de\/wp-content\/uploads\/2026\/02\/Luitpoldpark-Sommer-768x476.jpg 768w, https:\/\/www.koenigliche-villa.de\/wp-content\/uploads\/2026\/02\/Luitpoldpark-Sommer.jpg 1200w\" sizes=\"auto, (max-width: 1024px) 100vw, 1024px\" \/><\/figure>\n\n\n\n<p>Anfang der 1920er Jahre wird ein Teil des Geb\u00e4udes in Wohnungen umgewandelt. Der Rest wird vor dem Zweiten Weltkrieg als \u201eh\u00f6here Unterrichtsanstalt\u201c, als Ausstellungsraum des \u00f6rtlichen K\u00fcnstlerbundes, als \u201eCaf\u00e9 Bubestinger\u201c und \u201eKur-Caf\u00e9 K\u00f6nigliche Villa\u201c genutzt. Nach dem Krieg dient die Villa als Jugendhaus, als Caf\u00e9 und Gro\u00dfmarkt. <\/p>\n\n\n\n<figure class=\"wp-block-image size-large is-resized\"><img loading=\"lazy\" decoding=\"async\" width=\"1024\" height=\"722\" src=\"http:\/\/www.koenigliche-villa.de\/wp-content\/uploads\/2026\/02\/Kurhaus-und-Hotel-1-1024x722.jpg\" alt=\"\" class=\"wp-image-167\" style=\"aspect-ratio:1.418280063773632;width:530px;height:auto\" srcset=\"https:\/\/www.koenigliche-villa.de\/wp-content\/uploads\/2026\/02\/Kurhaus-und-Hotel-1-1024x722.jpg 1024w, https:\/\/www.koenigliche-villa.de\/wp-content\/uploads\/2026\/02\/Kurhaus-und-Hotel-1-300x211.jpg 300w, https:\/\/www.koenigliche-villa.de\/wp-content\/uploads\/2026\/02\/Kurhaus-und-Hotel-1-768x541.jpg 768w, https:\/\/www.koenigliche-villa.de\/wp-content\/uploads\/2026\/02\/Kurhaus-und-Hotel-1-1536x1083.jpg 1536w, https:\/\/www.koenigliche-villa.de\/wp-content\/uploads\/2026\/02\/Kurhaus-und-Hotel-1-2048x1444.jpg 2048w\" sizes=\"auto, (max-width: 1024px) 100vw, 1024px\" \/><\/figure>\n\n\n\n<p>1975 wird sie an eine Privatperson verkauft, 1983\/84 in 30 Eigentumswohnungen aufgeteilt. Heute ist das Anwesen denkmalgesch\u00fctzt.<\/p>\n\n\n\n<figure class=\"wp-block-image size-large is-resized\"><img loading=\"lazy\" decoding=\"async\" width=\"1024\" height=\"768\" src=\"http:\/\/www.koenigliche-villa.de\/wp-content\/uploads\/2026\/02\/Hausansicht-1024x768.jpg\" alt=\"\" class=\"wp-image-143\" style=\"width:519px;height:auto\" srcset=\"https:\/\/www.koenigliche-villa.de\/wp-content\/uploads\/2026\/02\/Hausansicht-1024x768.jpg 1024w, https:\/\/www.koenigliche-villa.de\/wp-content\/uploads\/2026\/02\/Hausansicht-300x225.jpg 300w, https:\/\/www.koenigliche-villa.de\/wp-content\/uploads\/2026\/02\/Hausansicht-768x576.jpg 768w, https:\/\/www.koenigliche-villa.de\/wp-content\/uploads\/2026\/02\/Hausansicht-1536x1152.jpg 1536w, https:\/\/www.koenigliche-villa.de\/wp-content\/uploads\/2026\/02\/Hausansicht-2048x1536.jpg 2048w\" sizes=\"auto, (max-width: 1024px) 100vw, 1024px\" \/><\/figure>\n","protected":false},"excerpt":{"rendered":"<p>K\u00f6nig Ludwig I. dankt 1848, einem Jahr politischer Unruhen, ab. Weiterhin aber nutzt er das Schloss in Berchtesgaden als Jagdresidenz. Sein Sohn und Nachfolger im K\u00f6nigreich Bayern, Maximilian II., geht selbst gern in Berchtesgaden auf die Jagd. Da Ludwig I. <a href=\"https:\/\/www.koenigliche-villa.de\/?page_id=129\" class=\"read-more\">Weiterlesen<\/a><\/p>\n","protected":false},"author":1,"featured_media":136,"parent":0,"menu_order":0,"comment_status":"closed","ping_status":"closed","template":"","meta":{"ngg_post_thumbnail":0,"footnotes":""},"class_list":["post-129","page","type-page","status-publish","has-post-thumbnail","hentry"],"_links":{"self":[{"href":"https:\/\/www.koenigliche-villa.de\/index.php?rest_route=\/wp\/v2\/pages\/129","targetHints":{"allow":["GET"]}}],"collection":[{"href":"https:\/\/www.koenigliche-villa.de\/index.php?rest_route=\/wp\/v2\/pages"}],"about":[{"href":"https:\/\/www.koenigliche-villa.de\/index.php?rest_route=\/wp\/v2\/types\/page"}],"author":[{"embeddable":true,"href":"https:\/\/www.koenigliche-villa.de\/index.php?rest_route=\/wp\/v2\/users\/1"}],"replies":[{"embeddable":true,"href":"https:\/\/www.koenigliche-villa.de\/index.php?rest_route=%2Fwp%2Fv2%2Fcomments&post=129"}],"version-history":[{"count":7,"href":"https:\/\/www.koenigliche-villa.de\/index.php?rest_route=\/wp\/v2\/pages\/129\/revisions"}],"predecessor-version":[{"id":169,"href":"https:\/\/www.koenigliche-villa.de\/index.php?rest_route=\/wp\/v2\/pages\/129\/revisions\/169"}],"wp:featuredmedia":[{"embeddable":true,"href":"https:\/\/www.koenigliche-villa.de\/index.php?rest_route=\/wp\/v2\/media\/136"}],"wp:attachment":[{"href":"https:\/\/www.koenigliche-villa.de\/index.php?rest_route=%2Fwp%2Fv2%2Fmedia&parent=129"}],"curies":[{"name":"wp","href":"https:\/\/api.w.org\/{rel}","templated":true}]}}